{"id":28,"date":"2025-05-28T16:13:24","date_gmt":"2025-05-28T14:13:24","guid":{"rendered":"https:\/\/autisme.by-editions.com\/?page_id=28"},"modified":"2025-06-25T14:42:26","modified_gmt":"2025-06-25T12:42:26","slug":"accueil","status":"publish","type":"page","link":"https:\/\/autisme.by-editions.com\/","title":{"rendered":"Accueil"},"content":{"rendered":"\t\t<div data-elementor-type=\"wp-page\" data-elementor-id=\"28\" class=\"elementor elementor-28\">\n\t\t\t\t<div class=\"elementor-element elementor-element-c5e73e4 e-con-full e-flex e-con e-parent\" data-id=\"c5e73e4\" data-element_type=\"container\" data-settings=\"{&quot;background_background&quot;:&quot;classic&quot;}\">\n\t\t<div class=\"elementor-element elementor-element-b62b217 e-flex e-con-boxed e-con e-child\" data-id=\"b62b217\" data-element_type=\"container\" data-settings=\"{&quot;background_background&quot;:&quot;classic&quot;}\">\n\t\t\t\t\t<div class=\"e-con-inner\">\n\t\t\t\t<div class=\"elementor-element elementor-element-b964d87 elementor-widget elementor-widget-heading\" data-id=\"b964d87\" data-element_type=\"widget\" data-widget_type=\"heading.default\">\n\t\t\t\t<div class=\"elementor-widget-container\">\n\t\t\t\t\t<h2 class=\"elementor-heading-title elementor-size-default\">Vous ne verrez plus l\u2019autisme comme avant.<\/h2>\t\t\t\t<\/div>\n\t\t\t\t<\/div>\n\t\t\t\t<div class=\"elementor-element elementor-element-cb1ea6f elementor-widget elementor-widget-text-editor\" data-id=\"cb1ea6f\" data-element_type=\"widget\" data-widget_type=\"text-editor.default\">\n\t\t\t\t<div class=\"elementor-widget-container\">\n\t\t\t\t\t\t\t\t\t<p>Entre science et vie, ce livre donne \u00e0 l\u2019autisme la parole qu\u2019il m\u00e9rite.<\/p><p>\u00a0<\/p><p><em>\u201cCe livre ne se lit pas. Il se traverse. <\/em><\/p><p><em>Et parfois, il change une vie.\u201d<\/em><\/p>\t\t\t\t\t\t\t\t<\/div>\n\t\t\t\t<\/div>\n\t\t<div class=\"elementor-element elementor-element-0beca90 e-con-full e-flex e-con e-child\" data-id=\"0beca90\" data-element_type=\"container\">\n\t\t\t\t<div class=\"elementor-element elementor-element-124e588 elementor-widget elementor-widget-button\" data-id=\"124e588\" data-element_type=\"widget\" data-widget_type=\"button.default\">\n\t\t\t\t<div class=\"elementor-widget-container\">\n\t\t\t\t\t\t\t\t\t<div class=\"elementor-button-wrapper\">\n\t\t\t\t\t<a class=\"elementor-button elementor-button-link elementor-size-sm\" href=\"https:\/\/autisme.by-editions.com\/index.php\/le-livre\">\n\t\t\t\t\t\t<span class=\"elementor-button-content-wrapper\">\n\t\t\t\t\t\t\t\t\t<span class=\"elementor-button-text\">D\u00e9couvrir le livre<\/span>\n\t\t\t\t\t<\/span>\n\t\t\t\t\t<\/a>\n\t\t\t\t<\/div>\n\t\t\t\t\t\t\t\t<\/div>\n\t\t\t\t<\/div>\n\t\t\t\t<div class=\"elementor-element elementor-element-ba9fdf3 elementor-widget elementor-widget-button\" data-id=\"ba9fdf3\" data-element_type=\"widget\" data-widget_type=\"button.default\">\n\t\t\t\t<div class=\"elementor-widget-container\">\n\t\t\t\t\t\t\t\t\t<div class=\"elementor-button-wrapper\">\n\t\t\t\t\t<a class=\"elementor-button elementor-button-link elementor-size-sm\" href=\"https:\/\/autisme.by-editions.com\/wp-content\/uploads\/2025\/06\/Silence-autour-dun-cri-Extrait-NEW.pdf\" target=\"_blank\">\n\t\t\t\t\t\t<span class=\"elementor-button-content-wrapper\">\n\t\t\t\t\t\t\t\t\t<span class=\"elementor-button-text\">Lire un extrait gratuit<\/span>\n\t\t\t\t\t<\/span>\n\t\t\t\t\t<\/a>\n\t\t\t\t<\/div>\n\t\t\t\t\t\t\t\t<\/div>\n\t\t\t\t<\/div>\n\t\t\t\t<\/div>\n\t\t\t\t\t<\/div>\n\t\t\t\t<\/div>\n\t\t\t\t<\/div>\n\t\t<div class=\"elementor-element elementor-element-22c8bd1 e-flex e-con-boxed e-con e-parent\" data-id=\"22c8bd1\" data-element_type=\"container\" data-settings=\"{&quot;background_background&quot;:&quot;classic&quot;}\">\n\t\t\t\t\t<div class=\"e-con-inner\">\n\t\t<div class=\"elementor-element elementor-element-b9ecef6 e-con-full e-flex e-con e-child\" data-id=\"b9ecef6\" data-element_type=\"container\">\n\t\t\t\t<div class=\"elementor-element elementor-element-23462e5 elementor-widget elementor-widget-text-editor\" data-id=\"23462e5\" data-element_type=\"widget\" data-widget_type=\"text-editor.default\">\n\t\t\t\t<div class=\"elementor-widget-container\">\n\t\t\t\t\t\t\t\t\t<h2>De quoi parle ce livre ?<\/h2><p>L\u2019autisme, ce n\u2019est pas un probl\u00e8me \u00e0 r\u00e9soudre.<br \/>C\u2019est une mani\u00e8re d\u2019\u00eatre au monde \u2014 trop souvent \u00e9touff\u00e9e par la norme, d\u00e9form\u00e9e par les regards, ignor\u00e9e dans les choix de soci\u00e9t\u00e9.<br \/>Ce livre met des mots sur ce que tant ressentent mais n\u2019osent plus dire. Il parle d\u2019autisme sans d\u00e9tour, sans r\u00e9duction, sans caricature.<br \/>Il interroge : Et si nous \u00e9tions le probl\u00e8me ?<br \/>Il affirme : Vivre ensemble est possible, mais cela demande une lucidit\u00e9 nouvelle, une \u00e9coute vraie, un engagement partag\u00e9.<br \/>Ce livre n\u2019attaque pas. Il appelle. Il questionne.<br \/>Parce que l\u2019autisme n\u2019est pas un poids \u00e0 porter, mais une voix \u00e0 entendre.<br \/>Parce qu\u2019un nouvel air est possible, si nous osons l\u2019\u00e9couter.<\/p><h2>Ce ne sont pas les cris qui blessent, mais le silence qui les entoure.<\/h2><p>Disponible en version num\u00e9rique et imprim\u00e9e.<\/p>\t\t\t\t\t\t\t\t<\/div>\n\t\t\t\t<\/div>\n\t\t\t\t<\/div>\n\t\t<div class=\"elementor-element elementor-element-4f0a3fa e-con-full e-flex e-con e-child\" data-id=\"4f0a3fa\" data-element_type=\"container\">\n\t\t\t\t<div class=\"elementor-element elementor-element-6cda819 elementor-widget elementor-widget-image\" data-id=\"6cda819\" data-element_type=\"widget\" data-widget_type=\"image.default\">\n\t\t\t\t<div class=\"elementor-widget-container\">\n\t\t\t\t\t\t\t\t\t\t\t\t\t\t\t<img fetchpriority=\"high\" decoding=\"async\" width=\"1024\" height=\"785\" src=\"https:\/\/autisme.by-editions.com\/wp-content\/uploads\/2025\/05\/1748185239-1024x785.png\" class=\"attachment-large size-large wp-image-33\" alt=\"\" srcset=\"https:\/\/autisme.by-editions.com\/wp-content\/uploads\/2025\/05\/1748185239-1024x785.png 1024w, https:\/\/autisme.by-editions.com\/wp-content\/uploads\/2025\/05\/1748185239-300x230.png 300w, https:\/\/autisme.by-editions.com\/wp-content\/uploads\/2025\/05\/1748185239-768x589.png 768w, https:\/\/autisme.by-editions.com\/wp-content\/uploads\/2025\/05\/1748185239.png 1500w\" sizes=\"(max-width: 1024px) 100vw, 1024px\" \/>\t\t\t\t\t\t\t\t\t\t\t\t\t\t\t<\/div>\n\t\t\t\t<\/div>\n\t\t\t\t<\/div>\n\t\t\t\t\t<\/div>\n\t\t\t\t<\/div>\n\t\t<div class=\"elementor-element elementor-element-3c1a590 e-flex e-con-boxed e-con e-parent\" data-id=\"3c1a590\" data-element_type=\"container\" data-settings=\"{&quot;background_background&quot;:&quot;classic&quot;}\">\n\t\t\t\t\t<div class=\"e-con-inner\">\n\t\t\t\t<div class=\"elementor-element elementor-element-46c2c24 elementor-widget elementor-widget-text-editor\" data-id=\"46c2c24\" data-element_type=\"widget\" data-widget_type=\"text-editor.default\">\n\t\t\t\t<div class=\"elementor-widget-container\">\n\t\t\t\t\t\t\t\t\t<h2>Ce livre n\u2019est pas un outil parmi d\u2019autres. C\u2019est une prise de conscience.<\/h2><p>Dans chaque classe, l\u2019autisme est l\u00e0. Pr\u00e9sent, parfois silencieux, souvent mal compris.<br \/>Trop d\u2019\u00e9l\u00e8ves sont encore jug\u00e9s, isol\u00e9s ou mal orient\u00e9s \u2014 parce que l\u2019autisme reste m\u00e9connu, m\u00eame au sein de l\u2019\u00c9cole.<br \/>\u00a0<br \/>Silence autour des cris s\u2019adresse \u00e0 tous ceux qui veulent changer cela.<br \/>Il propose un regard juste, un langage accessible, et une compr\u00e9hension profonde.<br \/>Il ne parle pas d\u2019un \u201cprobl\u00e8me \u00e0 r\u00e9soudre\u201d, mais d\u2019un monde \u00e0 \u00e9couter et \u00e0 accueillir.<br \/>\u00a0<br \/>Les \u00e9tablissements scolaires sont des acteurs essentiels pour faire \u00e9voluer les mentalit\u00e9s :<br \/>chez les \u00e9l\u00e8ves, chez les enseignants, dans les familles.<br \/>\u00a0<br \/>Ce livre peut devenir :<br \/>\u2022\u00a0un outil pour les professionnels de l\u2019\u00e9ducation,<br \/>\u2022\u00a0un support \u00e0 partager avec les \u00e9quipes ou les parents,<br \/>\u2022\u00a0un point de d\u00e9part pour des r\u00e9flexions collectives.<br \/>\u00a0<br \/>Changer les regards commence ici.<\/p>\t\t\t\t\t\t\t\t<\/div>\n\t\t\t\t<\/div>\n\t\t\t\t\t<\/div>\n\t\t\t\t<\/div>\n\t\t<div class=\"elementor-element elementor-element-578eba8 e-flex e-con-boxed e-con e-parent\" data-id=\"578eba8\" data-element_type=\"container\">\n\t\t\t\t\t<div class=\"e-con-inner\">\n\t\t<div class=\"elementor-element elementor-element-8c59303 e-con-full e-flex e-con e-child\" data-id=\"8c59303\" data-element_type=\"container\">\n\t\t\t\t<div class=\"elementor-element elementor-element-04261aa elementor-widget elementor-widget-text-editor\" data-id=\"04261aa\" data-element_type=\"widget\" data-widget_type=\"text-editor.default\">\n\t\t\t\t<div class=\"elementor-widget-container\">\n\t\t\t\t\t\t\t\t\t<h2>T\u00e9moignage d\u2019une maman<\/h2><p>\u00ab C\u2019est la premi\u00e8re fois qu\u2019un livre met si justement des mots sur ce que je vis avec mon fils. Il ne me donne pas des conseils, il me comprend. \u00bb<\/p><p>\u2014 Sophie R., maman d\u2019un gar\u00e7on autiste de 9 ans<\/p>\t\t\t\t\t\t\t\t<\/div>\n\t\t\t\t<\/div>\n\t\t\t\t<\/div>\n\t\t<div class=\"elementor-element elementor-element-cb98de2 e-con-full e-flex e-con e-child\" data-id=\"cb98de2\" data-element_type=\"container\">\n\t\t\t\t<div class=\"elementor-element elementor-element-4f25199 elementor-widget elementor-widget-text-editor\" data-id=\"4f25199\" data-element_type=\"widget\" data-widget_type=\"text-editor.default\">\n\t\t\t\t<div class=\"elementor-widget-container\">\n\t\t\t\t\t\t\t\t\t<h2>T\u00e9moignage d\u2019une professeure d&rsquo;\u00e9cole<\/h2><p>\u00ab J\u2019ai lu ce livre en pensant \u00e0 mes \u00e9l\u00e8ves, et j\u2019ai compris \u00e0 quel point je passais \u00e0 c\u00f4t\u00e9 de certains d\u2019eux. Il m\u2019a bouscul\u00e9e, mais avec douceur. \u00bb<br \/><br \/>\u2014 Claire M., professeure des \u00e9coles, Acad\u00e9mie de Lyon<\/p>\t\t\t\t\t\t\t\t<\/div>\n\t\t\t\t<\/div>\n\t\t\t\t<\/div>\n\t\t<div class=\"elementor-element elementor-element-aa4251d e-con-full e-flex e-con e-child\" data-id=\"aa4251d\" data-element_type=\"container\">\n\t\t\t\t<div class=\"elementor-element elementor-element-2e11dc9 elementor-widget elementor-widget-text-editor\" data-id=\"2e11dc9\" data-element_type=\"widget\" data-widget_type=\"text-editor.default\">\n\t\t\t\t<div class=\"elementor-widget-container\">\n\t\t\t\t\t\t\t\t\t<h2>T\u00e9moignage d\u2019un directeur d\u2019association<\/h2><p>\u00ab Ce livre dit tout haut ce que tant d\u2019entre nous ressentent tout bas. Il est \u00e0 mettre entre les mains des familles, des \u00e9ducateurs, des institutions. C\u2019est une parole attendue. \u00bb<br \/><br \/>\u2014 Jean D., directeur de l\u2019association \u201cUne Voix pour l\u2019Autisme\u201d<\/p>\t\t\t\t\t\t\t\t<\/div>\n\t\t\t\t<\/div>\n\t\t\t\t<\/div>\n\t\t\t\t\t<\/div>\n\t\t\t\t<\/div>\n\t\t<div class=\"elementor-element elementor-element-26ac402 e-flex e-con-boxed e-con e-parent\" data-id=\"26ac402\" data-element_type=\"container\" data-settings=\"{&quot;background_background&quot;:&quot;classic&quot;}\">\n\t\t\t\t\t<div class=\"e-con-inner\">\n\t\t\t\t<div class=\"elementor-element elementor-element-09e4f40 elementor-widget elementor-widget-text-editor\" data-id=\"09e4f40\" data-element_type=\"widget\" data-widget_type=\"text-editor.default\">\n\t\t\t\t<div class=\"elementor-widget-container\">\n\t\t\t\t\t\t\t\t\t<h2>Vous avez aim\u00e9 le livre ? Recommandez-le \u00e0 un proche, ou partagez-le sur vos r\u00e9seaux !<\/h2>\t\t\t\t\t\t\t\t<\/div>\n\t\t\t\t<\/div>\n\t\t<div class=\"elementor-element elementor-element-35d686c e-grid e-con-full e-con e-child\" data-id=\"35d686c\" data-element_type=\"container\">\n\t\t\t\t<div class=\"elementor-element elementor-element-8314366 elementor-align-right elementor-widget elementor-widget-button\" data-id=\"8314366\" data-element_type=\"widget\" data-widget_type=\"button.default\">\n\t\t\t\t<div class=\"elementor-widget-container\">\n\t\t\t\t\t\t\t\t\t<div class=\"elementor-button-wrapper\">\n\t\t\t\t\t<a class=\"elementor-button elementor-button-link elementor-size-sm\" href=\"https:\/\/autisme.by-editions.com\/wp-content\/uploads\/2025\/06\/Silence-autour-dun-cri-Extrait.pdf\" target=\"_blank\">\n\t\t\t\t\t\t<span class=\"elementor-button-content-wrapper\">\n\t\t\t\t\t\t\t\t\t<span class=\"elementor-button-text\">Lire un extrait gratuit<\/span>\n\t\t\t\t\t<\/span>\n\t\t\t\t\t<\/a>\n\t\t\t\t<\/div>\n\t\t\t\t\t\t\t\t<\/div>\n\t\t\t\t<\/div>\n\t\t\t\t<div class=\"elementor-element elementor-element-8e6066a elementor-align-left elementor-widget elementor-widget-button\" data-id=\"8e6066a\" data-element_type=\"widget\" data-widget_type=\"button.default\">\n\t\t\t\t<div class=\"elementor-widget-container\">\n\t\t\t\t\t\t\t\t\t<div class=\"elementor-button-wrapper\">\n\t\t\t\t\t<a class=\"elementor-button elementor-button-link elementor-size-sm\" href=\"#\">\n\t\t\t\t\t\t<span class=\"elementor-button-content-wrapper\">\n\t\t\t\t\t\t\t\t\t<span class=\"elementor-button-text\">Acheter le livre maintenant<\/span>\n\t\t\t\t\t<\/span>\n\t\t\t\t\t<\/a>\n\t\t\t\t<\/div>\n\t\t\t\t\t\t\t\t<\/div>\n\t\t\t\t<\/div>\n\t\t\t\t<\/div>\n\t\t\t\t\t<\/div>\n\t\t\t\t<\/div>\n\t\t<div class=\"elementor-element elementor-element-1afc62bb e-flex e-con-boxed e-con e-parent\" data-id=\"1afc62bb\" data-element_type=\"container\" data-settings=\"{&quot;background_background&quot;:&quot;classic&quot;}\">\n\t\t\t\t\t<div class=\"e-con-inner\">\n\t\t\t\t<div class=\"elementor-element elementor-element-115761c9 elementor-widget elementor-widget-heading\" data-id=\"115761c9\" data-element_type=\"widget\" data-widget_type=\"heading.default\">\n\t\t\t\t<div class=\"elementor-widget-container\">\n\t\t\t\t\t<h2 class=\"elementor-heading-title elementor-size-default\"><a href=\"https:\/\/autisme.by-editions.com\">Accueil<\/a><\/h2>\t\t\t\t<\/div>\n\t\t\t\t<\/div>\n\t\t\t\t<div class=\"elementor-element elementor-element-7e75002a elementor-widget elementor-widget-spacer\" data-id=\"7e75002a\" data-element_type=\"widget\" data-widget_type=\"spacer.default\">\n\t\t\t\t<div class=\"elementor-widget-container\">\n\t\t\t\t\t\t\t<div class=\"elementor-spacer\">\n\t\t\t<div class=\"elementor-spacer-inner\"><\/div>\n\t\t<\/div>\n\t\t\t\t\t\t<\/div>\n\t\t\t\t<\/div>\n\t\t\t\t<div class=\"elementor-element elementor-element-309be67e elementor-widget elementor-widget-heading\" data-id=\"309be67e\" data-element_type=\"widget\" data-widget_type=\"heading.default\">\n\t\t\t\t<div class=\"elementor-widget-container\">\n\t\t\t\t\t<h2 class=\"elementor-heading-title elementor-size-default\"><a href=\"https:\/\/autisme.by-editions.com\/index.php\/le-livre\">Le livre<\/a><\/h2>\t\t\t\t<\/div>\n\t\t\t\t<\/div>\n\t\t\t\t<div class=\"elementor-element elementor-element-1304d5a7 elementor-widget elementor-widget-spacer\" data-id=\"1304d5a7\" data-element_type=\"widget\" data-widget_type=\"spacer.default\">\n\t\t\t\t<div class=\"elementor-widget-container\">\n\t\t\t\t\t\t\t<div class=\"elementor-spacer\">\n\t\t\t<div class=\"elementor-spacer-inner\"><\/div>\n\t\t<\/div>\n\t\t\t\t\t\t<\/div>\n\t\t\t\t<\/div>\n\t\t\t\t<div class=\"elementor-element elementor-element-12f31f10 elementor-widget elementor-widget-heading\" data-id=\"12f31f10\" data-element_type=\"widget\" data-widget_type=\"heading.default\">\n\t\t\t\t<div class=\"elementor-widget-container\">\n\t\t\t\t\t<h2 class=\"elementor-heading-title elementor-size-default\"><a href=\"https:\/\/autisme.by-editions.com\/index.php\/a-propos-de-lauteur\/\">\u00c0 propos<\/a><\/h2>\t\t\t\t<\/div>\n\t\t\t\t<\/div>\n\t\t\t\t<div class=\"elementor-element elementor-element-58738d5 elementor-widget elementor-widget-spacer\" data-id=\"58738d5\" data-element_type=\"widget\" data-widget_type=\"spacer.default\">\n\t\t\t\t<div class=\"elementor-widget-container\">\n\t\t\t\t\t\t\t<div class=\"elementor-spacer\">\n\t\t\t<div class=\"elementor-spacer-inner\"><\/div>\n\t\t<\/div>\n\t\t\t\t\t\t<\/div>\n\t\t\t\t<\/div>\n\t\t\t\t<div class=\"elementor-element elementor-element-2666e14b elementor-widget elementor-widget-heading\" data-id=\"2666e14b\" data-element_type=\"widget\" data-widget_type=\"heading.default\">\n\t\t\t\t<div class=\"elementor-widget-container\">\n\t\t\t\t\t<h2 class=\"elementor-heading-title elementor-size-default\">Contact<\/h2>\t\t\t\t<\/div>\n\t\t\t\t<\/div>\n\t\t\t\t\t<\/div>\n\t\t\t\t<\/div>\n\t\t<div class=\"elementor-element elementor-element-1ed5c6a2 e-flex e-con-boxed e-con e-parent\" data-id=\"1ed5c6a2\" data-element_type=\"container\" data-settings=\"{&quot;background_background&quot;:&quot;classic&quot;}\">\n\t\t\t\t\t<div class=\"e-con-inner\">\n\t\t\t\t<div class=\"elementor-element elementor-element-3a655e90 elementor-widget elementor-widget-image\" data-id=\"3a655e90\" data-element_type=\"widget\" data-widget_type=\"image.default\">\n\t\t\t\t<div class=\"elementor-widget-container\">\n\t\t\t\t\t\t\t\t\t\t\t\t\t\t\t\t<a href=\"https:\/\/www.facebook.com\/by.editions\" target=\"_blank\">\n\t\t\t\t\t\t\t<img decoding=\"async\" src=\"https:\/\/autisme.by-editions.com\/wp-content\/uploads\/2025\/06\/Facebook-icon-white-PNG-large-size.png\" title=\"Facebook-icon-white-PNG-large-size\" alt=\"Facebook-icon-white-PNG-large-size\" loading=\"lazy\" \/>\t\t\t\t\t\t\t\t<\/a>\n\t\t\t\t\t\t\t\t\t\t\t\t\t\t\t<\/div>\n\t\t\t\t<\/div>\n\t\t\t\t<div class=\"elementor-element elementor-element-46ab98b7 elementor-widget elementor-widget-image\" data-id=\"46ab98b7\" data-element_type=\"widget\" data-widget_type=\"image.default\">\n\t\t\t\t<div class=\"elementor-widget-container\">\n\t\t\t\t\t\t\t\t\t\t\t\t\t\t\t\t<a href=\"https:\/\/x.com\/by_editions\" target=\"_blank\">\n\t\t\t\t\t\t\t<img decoding=\"async\" src=\"https:\/\/autisme.by-editions.com\/wp-content\/uploads\/2025\/06\/x-social-media-white-icon.png\" title=\"x-social-media-white-icon\" alt=\"x-social-media-white-icon\" loading=\"lazy\" \/>\t\t\t\t\t\t\t\t<\/a>\n\t\t\t\t\t\t\t\t\t\t\t\t\t\t\t<\/div>\n\t\t\t\t<\/div>\n\t\t\t\t<div class=\"elementor-element elementor-element-1b2d8d9c elementor-widget elementor-widget-image\" data-id=\"1b2d8d9c\" data-element_type=\"widget\" data-widget_type=\"image.default\">\n\t\t\t\t<div class=\"elementor-widget-container\">\n\t\t\t\t\t\t\t\t\t\t\t\t\t\t\t\t<a href=\"https:\/\/www.instagram.com\/by_editions\/\" target=\"_blank\">\n\t\t\t\t\t\t\t<img decoding=\"async\" src=\"https:\/\/autisme.by-editions.com\/wp-content\/uploads\/2025\/06\/instagram-white-icon.png\" title=\"instagram-white-icon\" alt=\"instagram-white-icon\" loading=\"lazy\" \/>\t\t\t\t\t\t\t\t<\/a>\n\t\t\t\t\t\t\t\t\t\t\t\t\t\t\t<\/div>\n\t\t\t\t<\/div>\n\t\t\t\t<div class=\"elementor-element elementor-element-a661509 elementor-widget elementor-widget-image\" data-id=\"a661509\" data-element_type=\"widget\" data-widget_type=\"image.default\">\n\t\t\t\t<div class=\"elementor-widget-container\">\n\t\t\t\t\t\t\t\t\t\t\t\t\t\t\t\t<a href=\"https:\/\/www.youtube.com\/@by_editions\" target=\"_blank\">\n\t\t\t\t\t\t\t<img decoding=\"async\" src=\"https:\/\/autisme.by-editions.com\/wp-content\/uploads\/2025\/06\/White-YouTube-Logo-Transparent.png\" title=\"White-YouTube-Logo-Transparent\" alt=\"White-YouTube-Logo-Transparent\" loading=\"lazy\" \/>\t\t\t\t\t\t\t\t<\/a>\n\t\t\t\t\t\t\t\t\t\t\t\t\t\t\t<\/div>\n\t\t\t\t<\/div>\n\t\t\t\t\t<\/div>\n\t\t\t\t<\/div>\n\t\t\t\t<\/div>\n\t\t","protected":false},"excerpt":{"rendered":"<p>Vous ne verrez plus l\u2019autisme comme avant. Entre science et vie, ce livre donne \u00e0 l\u2019autisme la parole qu\u2019il m\u00e9rite. \u00a0 \u201cCe livre ne se lit pas. Il se traverse. Et parfois, il change une vie.\u201d D\u00e9couvrir le livre Lire un extrait gratuit De quoi parle ce livre ? L\u2019autisme, ce n\u2019est pas un probl\u00e8me [&hellip;]<\/p>\n","protected":false},"author":1,"featured_media":0,"parent":0,"menu_order":0,"comment_status":"closed","ping_status":"closed","template":"","meta":{"ocean_post_layout":"full-screen","ocean_both_sidebars_style":"","ocean_both_sidebars_content_width":0,"ocean_both_sidebars_sidebars_width":0,"ocean_sidebar":"","ocean_second_sidebar":"","ocean_disable_margins":"enable","ocean_add_body_class":"","ocean_shortcode_before_top_bar":"","ocean_shortcode_after_top_bar":"","ocean_shortcode_before_header":"","ocean_shortcode_after_header":"","ocean_has_shortcode":"","ocean_shortcode_after_title":"","ocean_shortcode_before_footer_widgets":"","ocean_shortcode_after_footer_widgets":"","ocean_shortcode_before_footer_bottom":"","ocean_shortcode_after_footer_bottom":"","ocean_display_top_bar":"off","ocean_display_header":"default","ocean_header_style":"","ocean_center_header_left_menu":"","ocean_custom_header_template":"","ocean_custom_logo":0,"ocean_custom_retina_logo":0,"ocean_custom_logo_max_width":0,"ocean_custom_logo_tablet_max_width":0,"ocean_custom_logo_mobile_max_width":0,"ocean_custom_logo_max_height":0,"ocean_custom_logo_tablet_max_height":0,"ocean_custom_logo_mobile_max_height":0,"ocean_header_custom_menu":"","ocean_menu_typo_font_family":"","ocean_menu_typo_font_subset":"","ocean_menu_typo_font_size":0,"ocean_menu_typo_font_size_tablet":0,"ocean_menu_typo_font_size_mobile":0,"ocean_menu_typo_font_size_unit":"px","ocean_menu_typo_font_weight":"","ocean_menu_typo_font_weight_tablet":"","ocean_menu_typo_font_weight_mobile":"","ocean_menu_typo_transform":"","ocean_menu_typo_transform_tablet":"","ocean_menu_typo_transform_mobile":"","ocean_menu_typo_line_height":0,"ocean_menu_typo_line_height_tablet":0,"ocean_menu_typo_line_height_mobile":0,"ocean_menu_typo_line_height_unit":"","ocean_menu_typo_spacing":0,"ocean_menu_typo_spacing_tablet":0,"ocean_menu_typo_spacing_mobile":0,"ocean_menu_typo_spacing_unit":"","ocean_menu_link_color":"","ocean_menu_link_color_hover":"","ocean_menu_link_color_active":"","ocean_menu_link_background":"","ocean_menu_link_hover_background":"","ocean_menu_link_active_background":"","ocean_menu_social_links_bg":"","ocean_menu_social_hover_links_bg":"","ocean_menu_social_links_color":"","ocean_menu_social_hover_links_color":"","ocean_disable_title":"on","ocean_disable_heading":"default","ocean_post_title":"","ocean_post_subheading":"","ocean_post_title_style":"","ocean_post_title_background_color":"","ocean_post_title_background":0,"ocean_post_title_bg_image_position":"","ocean_post_title_bg_image_attachment":"","ocean_post_title_bg_image_repeat":"","ocean_post_title_bg_image_size":"","ocean_post_title_height":0,"ocean_post_title_bg_overlay":0.5,"ocean_post_title_bg_overlay_color":"","ocean_disable_breadcrumbs":"default","ocean_breadcrumbs_color":"","ocean_breadcrumbs_separator_color":"","ocean_breadcrumbs_links_color":"","ocean_breadcrumbs_links_hover_color":"","ocean_display_footer_widgets":"default","ocean_display_footer_bottom":"default","ocean_custom_footer_template":"","footnotes":""},"class_list":["post-28","page","type-page","status-publish","hentry","entry"],"_links":{"self":[{"href":"https:\/\/autisme.by-editions.com\/index.php\/wp-json\/wp\/v2\/pages\/28","targetHints":{"allow":["GET"]}}],"collection":[{"href":"https:\/\/autisme.by-editions.com\/index.php\/wp-json\/wp\/v2\/pages"}],"about":[{"href":"https:\/\/autisme.by-editions.com\/index.php\/wp-json\/wp\/v2\/types\/page"}],"author":[{"embeddable":true,"href":"https:\/\/autisme.by-editions.com\/index.php\/wp-json\/wp\/v2\/users\/1"}],"replies":[{"embeddable":true,"href":"https:\/\/autisme.by-editions.com\/index.php\/wp-json\/wp\/v2\/comments?post=28"}],"version-history":[{"count":112,"href":"https:\/\/autisme.by-editions.com\/index.php\/wp-json\/wp\/v2\/pages\/28\/revisions"}],"predecessor-version":[{"id":578,"href":"https:\/\/autisme.by-editions.com\/index.php\/wp-json\/wp\/v2\/pages\/28\/revisions\/578"}],"wp:attachment":[{"href":"https:\/\/autisme.by-editions.com\/index.php\/wp-json\/wp\/v2\/media?parent=28"}],"curies":[{"name":"wp","href":"https:\/\/api.w.org\/{rel}","templated":true}]}}