{"id":306,"date":"2025-06-02T17:36:01","date_gmt":"2025-06-02T15:36:01","guid":{"rendered":"https:\/\/autisme.by-editions.com\/?page_id=306"},"modified":"2025-06-17T20:16:32","modified_gmt":"2025-06-17T18:16:32","slug":"devenir-ambassadeur","status":"publish","type":"page","link":"https:\/\/autisme.by-editions.com\/index.php\/devenir-ambassadeur\/","title":{"rendered":"Devenir ambassadeur"},"content":{"rendered":"\t\t<div data-elementor-type=\"wp-page\" data-elementor-id=\"306\" class=\"elementor elementor-306\">\n\t\t\t\t<div class=\"elementor-element elementor-element-ef5c6de e-flex e-con-boxed e-con e-parent\" data-id=\"ef5c6de\" data-element_type=\"container\" data-settings=\"{&quot;background_background&quot;:&quot;classic&quot;}\">\n\t\t\t\t\t<div class=\"e-con-inner\">\n\t\t\t\t<div class=\"elementor-element elementor-element-4f8003a elementor-widget elementor-widget-heading\" data-id=\"4f8003a\" data-element_type=\"widget\" data-widget_type=\"heading.default\">\n\t\t\t\t<div class=\"elementor-widget-container\">\n\t\t\t\t\t<h1 class=\"elementor-heading-title elementor-size-default\">Devenir ambassadeur<\/h1>\t\t\t\t<\/div>\n\t\t\t\t<\/div>\n\t\t\t\t<div class=\"elementor-element elementor-element-216e92d elementor-widget elementor-widget-heading\" data-id=\"216e92d\" data-element_type=\"widget\" data-widget_type=\"heading.default\">\n\t\t\t\t<div class=\"elementor-widget-container\">\n\t\t\t\t\t<h2 class=\"elementor-heading-title elementor-size-default\">Un livre. Une parole. Un mouvement humain.<\/h2>\t\t\t\t<\/div>\n\t\t\t\t<\/div>\n\t\t\t\t\t<\/div>\n\t\t\t\t<\/div>\n\t\t<div class=\"elementor-element elementor-element-fecd83f e-flex e-con-boxed e-con e-parent\" data-id=\"fecd83f\" data-element_type=\"container\">\n\t\t\t\t\t<div class=\"e-con-inner\">\n\t\t\t\t<div class=\"elementor-element elementor-element-68ca878 elementor-widget elementor-widget-text-editor\" data-id=\"68ca878\" data-element_type=\"widget\" data-widget_type=\"text-editor.default\">\n\t\t\t\t<div class=\"elementor-widget-container\">\n\t\t\t\t\t\t\t\t\t<h1>Et si vous participiez \u00e0 faire entendre une parole nouvelle ?<\/h1><p>Vous avez \u00e9t\u00e9 touch\u00e9(e) par le livre Silence autour du cri ?<br \/>Ou vous partagez simplement la conviction qu\u2019il est temps de changer les regards sur l\u2019autisme ?<br \/>Vous \u00eates lecteur, parent, enseignant, influenceur, professionnel, \u00e9tudiant, responsable d\u2019association, ou juste humain ?<br \/>\u00a0<br \/>Alors vous avez une place ici.<br \/>Et vous pouvez devenir ambassadeur du message.<\/p>\t\t\t\t\t\t\t\t<\/div>\n\t\t\t\t<\/div>\n\t\t\t\t\t<\/div>\n\t\t\t\t<\/div>\n\t\t<div class=\"elementor-element elementor-element-67f84b5 e-flex e-con-boxed e-con e-parent\" data-id=\"67f84b5\" data-element_type=\"container\">\n\t\t\t\t\t<div class=\"e-con-inner\">\n\t\t\t\t<div class=\"elementor-element elementor-element-a0c7dd1 elementor-widget elementor-widget-text-editor\" data-id=\"a0c7dd1\" data-element_type=\"widget\" data-widget_type=\"text-editor.default\">\n\t\t\t\t<div class=\"elementor-widget-container\">\n\t\t\t\t\t\t\t\t\t<h1><strong>Pourquoi devenir ambassadeur ?<\/strong><\/h1><p>Parce qu\u2019une simple voix peut en \u00e9veiller d\u2019autres.<\/p><p>Parce que ce livre ne cherche pas \u00e0 convaincre, mais \u00e0 faire comprendre.<\/p><p>\u00a0<\/p><p>En devenant ambassadeur, vous aidez \u00e0 :<\/p>\t\t\t\t\t\t\t\t<\/div>\n\t\t\t\t<\/div>\n\t\t<div class=\"elementor-element elementor-element-36fc9ed e-grid e-con-full e-con e-child\" data-id=\"36fc9ed\" data-element_type=\"container\">\n\t\t\t\t<div class=\"elementor-element elementor-element-5c44d0a elementor-widget elementor-widget-image\" data-id=\"5c44d0a\" data-element_type=\"widget\" data-widget_type=\"image.default\">\n\t\t\t\t<div class=\"elementor-widget-container\">\n\t\t\t\t\t\t\t\t\t\t\t\t\t\t\t<img fetchpriority=\"high\" decoding=\"async\" width=\"768\" height=\"231\" src=\"https:\/\/autisme.by-editions.com\/wp-content\/uploads\/2025\/06\/Autisme-Site-Ambassadeurs-Design-768x231.png\" class=\"attachment-medium_large size-medium_large wp-image-322\" alt=\"\" srcset=\"https:\/\/autisme.by-editions.com\/wp-content\/uploads\/2025\/06\/Autisme-Site-Ambassadeurs-Design-768x231.png 768w, https:\/\/autisme.by-editions.com\/wp-content\/uploads\/2025\/06\/Autisme-Site-Ambassadeurs-Design-300x90.png 300w, https:\/\/autisme.by-editions.com\/wp-content\/uploads\/2025\/06\/Autisme-Site-Ambassadeurs-Design.png 1002w\" sizes=\"(max-width: 768px) 100vw, 768px\" \/>\t\t\t\t\t\t\t\t\t\t\t\t\t\t\t<\/div>\n\t\t\t\t<\/div>\n\t\t\t\t<div class=\"elementor-element elementor-element-636cf18 elementor-widget elementor-widget-image\" data-id=\"636cf18\" data-element_type=\"widget\" data-widget_type=\"image.default\">\n\t\t\t\t<div class=\"elementor-widget-container\">\n\t\t\t\t\t\t\t\t\t\t\t\t\t\t\t<img decoding=\"async\" width=\"768\" height=\"231\" src=\"https:\/\/autisme.by-editions.com\/wp-content\/uploads\/2025\/06\/Autisme-Site-Ambassadeurs-Design-2-768x231.png\" class=\"attachment-medium_large size-medium_large wp-image-333\" alt=\"\" srcset=\"https:\/\/autisme.by-editions.com\/wp-content\/uploads\/2025\/06\/Autisme-Site-Ambassadeurs-Design-2-768x231.png 768w, https:\/\/autisme.by-editions.com\/wp-content\/uploads\/2025\/06\/Autisme-Site-Ambassadeurs-Design-2-300x90.png 300w, https:\/\/autisme.by-editions.com\/wp-content\/uploads\/2025\/06\/Autisme-Site-Ambassadeurs-Design-2.png 1002w\" sizes=\"(max-width: 768px) 100vw, 768px\" \/>\t\t\t\t\t\t\t\t\t\t\t\t\t\t\t<\/div>\n\t\t\t\t<\/div>\n\t\t\t\t<div class=\"elementor-element elementor-element-5016199 elementor-widget elementor-widget-image\" data-id=\"5016199\" data-element_type=\"widget\" data-widget_type=\"image.default\">\n\t\t\t\t<div class=\"elementor-widget-container\">\n\t\t\t\t\t\t\t\t\t\t\t\t\t\t\t<img decoding=\"async\" width=\"1002\" height=\"302\" src=\"https:\/\/autisme.by-editions.com\/wp-content\/uploads\/2025\/06\/Autisme-Site-Ambassadeurs-Design-3.png\" class=\"attachment-large size-large wp-image-324\" alt=\"\" srcset=\"https:\/\/autisme.by-editions.com\/wp-content\/uploads\/2025\/06\/Autisme-Site-Ambassadeurs-Design-3.png 1002w, https:\/\/autisme.by-editions.com\/wp-content\/uploads\/2025\/06\/Autisme-Site-Ambassadeurs-Design-3-300x90.png 300w, https:\/\/autisme.by-editions.com\/wp-content\/uploads\/2025\/06\/Autisme-Site-Ambassadeurs-Design-3-768x231.png 768w\" sizes=\"(max-width: 1002px) 100vw, 1002px\" \/>\t\t\t\t\t\t\t\t\t\t\t\t\t\t\t<\/div>\n\t\t\t\t<\/div>\n\t\t\t\t<div class=\"elementor-element elementor-element-e09ea73 elementor-widget elementor-widget-image\" data-id=\"e09ea73\" data-element_type=\"widget\" data-widget_type=\"image.default\">\n\t\t\t\t<div class=\"elementor-widget-container\">\n\t\t\t\t\t\t\t\t\t\t\t\t\t\t\t<img loading=\"lazy\" decoding=\"async\" width=\"1002\" height=\"302\" src=\"https:\/\/autisme.by-editions.com\/wp-content\/uploads\/2025\/06\/Autisme-Site-Ambassadeurs-Design-4.png\" class=\"attachment-large size-large wp-image-335\" alt=\"\" srcset=\"https:\/\/autisme.by-editions.com\/wp-content\/uploads\/2025\/06\/Autisme-Site-Ambassadeurs-Design-4.png 1002w, https:\/\/autisme.by-editions.com\/wp-content\/uploads\/2025\/06\/Autisme-Site-Ambassadeurs-Design-4-300x90.png 300w, https:\/\/autisme.by-editions.com\/wp-content\/uploads\/2025\/06\/Autisme-Site-Ambassadeurs-Design-4-768x231.png 768w\" sizes=\"(max-width: 1002px) 100vw, 1002px\" \/>\t\t\t\t\t\t\t\t\t\t\t\t\t\t\t<\/div>\n\t\t\t\t<\/div>\n\t\t\t\t<\/div>\n\t\t\t\t\t<\/div>\n\t\t\t\t<\/div>\n\t\t<div class=\"elementor-element elementor-element-66cbebf e-flex e-con-boxed e-con e-parent\" data-id=\"66cbebf\" data-element_type=\"container\">\n\t\t\t\t\t<div class=\"e-con-inner\">\n\t\t\t\t<div class=\"elementor-element elementor-element-7f5a6f4 elementor-widget elementor-widget-text-editor\" data-id=\"7f5a6f4\" data-element_type=\"widget\" data-widget_type=\"text-editor.default\">\n\t\t\t\t<div class=\"elementor-widget-container\">\n\t\t\t\t\t\t\t\t\t<h1><strong>Qui peut devenir ambassadeur ?<\/strong><\/h1><p>Tout le monde. Vraiment.<\/p><p>Chaque ambassadeur \u2014 qu\u2019il soit particulier, professionnel ou structure \u2014 re\u00e7oit un code de r\u00e9duction personnel, valable 15 jours, \u00e0 partager avec jusqu\u2019\u00e0 20 personnes.<\/p><p>Ce code accompagne un extrait du livre et un kit complet de diffusion.<\/p>\t\t\t\t\t\t\t\t<\/div>\n\t\t\t\t<\/div>\n\t\t\t\t\t<\/div>\n\t\t\t\t<\/div>\n\t\t<div class=\"elementor-element elementor-element-56f59ec e-flex e-con-boxed e-con e-parent\" data-id=\"56f59ec\" data-element_type=\"container\">\n\t\t\t\t\t<div class=\"e-con-inner\">\n\t\t\t\t<div class=\"elementor-element elementor-element-a6d01b5 elementor-widget elementor-widget-image\" data-id=\"a6d01b5\" data-element_type=\"widget\" data-widget_type=\"image.default\">\n\t\t\t\t<div class=\"elementor-widget-container\">\n\t\t\t\t\t\t\t\t\t\t\t\t\t\t\t<img loading=\"lazy\" decoding=\"async\" width=\"768\" height=\"768\" src=\"https:\/\/autisme.by-editions.com\/wp-content\/uploads\/2025\/06\/Autisme-Site-Ambassadeurs-Design-Table-768x768.png\" class=\"attachment-medium_large size-medium_large wp-image-351\" alt=\"\" srcset=\"https:\/\/autisme.by-editions.com\/wp-content\/uploads\/2025\/06\/Autisme-Site-Ambassadeurs-Design-Table-768x768.png 768w, https:\/\/autisme.by-editions.com\/wp-content\/uploads\/2025\/06\/Autisme-Site-Ambassadeurs-Design-Table-300x300.png 300w, https:\/\/autisme.by-editions.com\/wp-content\/uploads\/2025\/06\/Autisme-Site-Ambassadeurs-Design-Table-150x150.png 150w, https:\/\/autisme.by-editions.com\/wp-content\/uploads\/2025\/06\/Autisme-Site-Ambassadeurs-Design-Table-600x600.png 600w, https:\/\/autisme.by-editions.com\/wp-content\/uploads\/2025\/06\/Autisme-Site-Ambassadeurs-Design-Table.png 1002w\" sizes=\"(max-width: 768px) 100vw, 768px\" \/>\t\t\t\t\t\t\t\t\t\t\t\t\t\t\t<\/div>\n\t\t\t\t<\/div>\n\t\t\t\t\t<\/div>\n\t\t\t\t<\/div>\n\t\t<div class=\"elementor-element elementor-element-0dd47ed e-flex e-con-boxed e-con e-parent\" data-id=\"0dd47ed\" data-element_type=\"container\">\n\t\t\t\t\t<div class=\"e-con-inner\">\n\t\t\t\t<div class=\"elementor-element elementor-element-4717ab2 elementor-widget elementor-widget-text-editor\" data-id=\"4717ab2\" data-element_type=\"widget\" data-widget_type=\"text-editor.default\">\n\t\t\t\t<div class=\"elementor-widget-container\">\n\t\t\t\t\t\t\t\t\t<h1 style=\"font-weight: 400;\"><strong>Ce que vous recevrez<\/strong><\/h1><p style=\"font-weight: 400;\">D\u00e8s votre inscription, vous recevrez un kit ambassadeur complet contenant :<\/p><ul><li style=\"font-weight: 400;\">\ud83d\udcd8 Un extrait \u00e9tendu du livre (2 premi\u00e8res parties)<\/li><li style=\"font-weight: 400;\">\ud83c\udf81 Un code promotionnel personnel (valable 15 jours, pour 5-6 personnes)<\/li><li style=\"font-weight: 400;\">\ud83d\udcf7 Des visuels pr\u00eats \u00e0 partager (r\u00e9seaux, newsletter, site)<\/li><li style=\"font-weight: 400;\">\ud83d\udcc4 Un mini-guide ambassadeur avec conseils, messages, id\u00e9es d\u2019utilisation<\/li><li style=\"font-weight: 400;\">\ud83c\udf96\ufe0f Un badge officiel Ambassadeur \u00e0 afficher si vous le souhaitez<\/li><li style=\"font-weight: 400;\">\u2709\ufe0f Un message type \u00e0 envoyer \u00e0 vos proches, familles ou coll\u00e8gues<\/li><\/ul>\t\t\t\t\t\t\t\t<\/div>\n\t\t\t\t<\/div>\n\t\t\t\t\t<\/div>\n\t\t\t\t<\/div>\n\t\t<div class=\"elementor-element elementor-element-f29e86a e-flex e-con-boxed e-con e-parent\" data-id=\"f29e86a\" data-element_type=\"container\">\n\t\t\t\t\t<div class=\"e-con-inner\">\n\t\t\t\t<div class=\"elementor-element elementor-element-1a325bd elementor-widget elementor-widget-text-editor\" data-id=\"1a325bd\" data-element_type=\"widget\" data-widget_type=\"text-editor.default\">\n\t\t\t\t<div class=\"elementor-widget-container\">\n\t\t\t\t\t\t\t\t\t<h1 style=\"font-weight: 400;\"><strong>Comment devenir ambassadeur ?<\/strong><\/h1><p style=\"font-weight: 400;\">C\u2019est simple, rapide, et ouvert \u00e0 tous.<\/p><p style=\"font-weight: 400;\">Il suffit de remplir le formulaire ci-dessous.<\/p><p style=\"font-weight: 400;\">\u2192 Vous recevrez automatiquement votre kit ambassadeur par email.<\/p>\t\t\t\t\t\t\t\t<\/div>\n\t\t\t\t<\/div>\n\t\t\t\t<div class=\"elementor-element elementor-element-16346bf elementor-align-center elementor-widget elementor-widget-button\" data-id=\"16346bf\" data-element_type=\"widget\" data-widget_type=\"button.default\">\n\t\t\t\t<div class=\"elementor-widget-container\">\n\t\t\t\t\t\t\t\t\t<div class=\"elementor-button-wrapper\">\n\t\t\t\t\t<a class=\"elementor-button elementor-button-link elementor-size-sm\" href=\"#\">\n\t\t\t\t\t\t<span class=\"elementor-button-content-wrapper\">\n\t\t\t\t\t\t\t\t\t<span class=\"elementor-button-text\">Je deviens ambassadeur - Bient\u00f4t disponible<\/span>\n\t\t\t\t\t<\/span>\n\t\t\t\t\t<\/a>\n\t\t\t\t<\/div>\n\t\t\t\t\t\t\t\t<\/div>\n\t\t\t\t<\/div>\n\t\t\t\t\t<\/div>\n\t\t\t\t<\/div>\n\t\t<div class=\"elementor-element elementor-element-fe9d1c3 e-flex e-con-boxed e-con e-parent\" data-id=\"fe9d1c3\" data-element_type=\"container\">\n\t\t\t\t\t<div class=\"e-con-inner\">\n\t\t\t\t<div class=\"elementor-element elementor-element-9209eaf elementor-widget elementor-widget-text-editor\" data-id=\"9209eaf\" data-element_type=\"widget\" data-widget_type=\"text-editor.default\">\n\t\t\t\t<div class=\"elementor-widget-container\">\n\t\t\t\t\t\t\t\t\t<h1 style=\"font-weight: 400;\"><strong>Ce que votre engagement permet<\/strong><\/h1><p style=\"font-weight: 400;\">Sensibiliser avec bienveillance<\/p><ul><li style=\"font-weight: 400;\">Aider ceux qui n\u2019ont pas les mots<\/li><li style=\"font-weight: 400;\">Faire circuler une parole port\u00e9e par un m\u00e9decin sp\u00e9cialiste et t\u00e9moin de terrain<\/li><li style=\"font-weight: 400;\">Participer \u00e0 un mouvement respectueux, ind\u00e9pendant, utile<\/li><\/ul><p style=\"font-weight: 400;\">Une lecture partag\u00e9e peut changer une trajectoire.<\/p><p style=\"font-weight: 400;\">Et vous pouvez en \u00eatre \u00e0 l\u2019origine.<\/p>\t\t\t\t\t\t\t\t<\/div>\n\t\t\t\t<\/div>\n\t\t\t\t\t<\/div>\n\t\t\t\t<\/div>\n\t\t<div class=\"elementor-element elementor-element-4d58b14 e-flex e-con-boxed e-con e-parent\" data-id=\"4d58b14\" data-element_type=\"container\" data-settings=\"{&quot;background_background&quot;:&quot;classic&quot;}\">\n\t\t\t\t\t<div class=\"e-con-inner\">\n\t\t\t\t<div class=\"elementor-element elementor-element-7fe96da elementor-widget elementor-widget-text-editor\" data-id=\"7fe96da\" data-element_type=\"widget\" data-widget_type=\"text-editor.default\">\n\t\t\t\t<div class=\"elementor-widget-container\">\n\t\t\t\t\t\t\t\t\t<h2>Vous avez aim\u00e9 le livre ? Recommandez-le \u00e0 un proche, ou partagez-le sur vos r\u00e9seaux !<\/h2>\t\t\t\t\t\t\t\t<\/div>\n\t\t\t\t<\/div>\n\t\t<div class=\"elementor-element elementor-element-d505036 e-grid e-con-full e-con e-child\" data-id=\"d505036\" data-element_type=\"container\">\n\t\t\t\t<div class=\"elementor-element elementor-element-7ffae4c elementor-align-center elementor-widget elementor-widget-button\" data-id=\"7ffae4c\" data-element_type=\"widget\" data-widget_type=\"button.default\">\n\t\t\t\t<div class=\"elementor-widget-container\">\n\t\t\t\t\t\t\t\t\t<div class=\"elementor-button-wrapper\">\n\t\t\t\t\t<a class=\"elementor-button elementor-button-link elementor-size-sm\" href=\"#\">\n\t\t\t\t\t\t<span class=\"elementor-button-content-wrapper\">\n\t\t\t\t\t\t\t\t\t<span class=\"elementor-button-text\">Lire un extrait gratuit<\/span>\n\t\t\t\t\t<\/span>\n\t\t\t\t\t<\/a>\n\t\t\t\t<\/div>\n\t\t\t\t\t\t\t\t<\/div>\n\t\t\t\t<\/div>\n\t\t\t\t<div class=\"elementor-element elementor-element-6230d1b elementor-align-center elementor-widget elementor-widget-button\" data-id=\"6230d1b\" data-element_type=\"widget\" data-widget_type=\"button.default\">\n\t\t\t\t<div class=\"elementor-widget-container\">\n\t\t\t\t\t\t\t\t\t<div class=\"elementor-button-wrapper\">\n\t\t\t\t\t<a class=\"elementor-button elementor-button-link elementor-size-sm\" href=\"#\">\n\t\t\t\t\t\t<span class=\"elementor-button-content-wrapper\">\n\t\t\t\t\t\t\t\t\t<span class=\"elementor-button-text\">Acheter le livre maintenant<\/span>\n\t\t\t\t\t<\/span>\n\t\t\t\t\t<\/a>\n\t\t\t\t<\/div>\n\t\t\t\t\t\t\t\t<\/div>\n\t\t\t\t<\/div>\n\t\t\t\t<div class=\"elementor-element elementor-element-afaa605 elementor-align-center elementor-widget elementor-widget-button\" data-id=\"afaa605\" data-element_type=\"widget\" data-widget_type=\"button.default\">\n\t\t\t\t<div class=\"elementor-widget-container\">\n\t\t\t\t\t\t\t\t\t<div class=\"elementor-button-wrapper\">\n\t\t\t\t\t<a class=\"elementor-button elementor-button-link elementor-size-sm\" href=\"#\">\n\t\t\t\t\t\t<span class=\"elementor-button-content-wrapper\">\n\t\t\t\t\t\t\t\t\t<span class=\"elementor-button-text\">En savoir plus<\/span>\n\t\t\t\t\t<\/span>\n\t\t\t\t\t<\/a>\n\t\t\t\t<\/div>\n\t\t\t\t\t\t\t\t<\/div>\n\t\t\t\t<\/div>\n\t\t\t\t<\/div>\n\t\t\t\t\t<\/div>\n\t\t\t\t<\/div>\n\t\t<div class=\"elementor-element elementor-element-2c0743b1 e-flex e-con-boxed e-con e-parent\" data-id=\"2c0743b1\" data-element_type=\"container\" data-settings=\"{&quot;background_background&quot;:&quot;classic&quot;}\">\n\t\t\t\t\t<div class=\"e-con-inner\">\n\t\t\t\t<div class=\"elementor-element elementor-element-66da2f61 elementor-widget elementor-widget-heading\" data-id=\"66da2f61\" data-element_type=\"widget\" data-widget_type=\"heading.default\">\n\t\t\t\t<div class=\"elementor-widget-container\">\n\t\t\t\t\t<h2 class=\"elementor-heading-title elementor-size-default\"><a href=\"https:\/\/autisme.by-editions.com\">Accueil<\/a><\/h2>\t\t\t\t<\/div>\n\t\t\t\t<\/div>\n\t\t\t\t<div class=\"elementor-element elementor-element-6bb4db9 elementor-widget elementor-widget-spacer\" data-id=\"6bb4db9\" data-element_type=\"widget\" data-widget_type=\"spacer.default\">\n\t\t\t\t<div class=\"elementor-widget-container\">\n\t\t\t\t\t\t\t<div class=\"elementor-spacer\">\n\t\t\t<div class=\"elementor-spacer-inner\"><\/div>\n\t\t<\/div>\n\t\t\t\t\t\t<\/div>\n\t\t\t\t<\/div>\n\t\t\t\t<div class=\"elementor-element elementor-element-442d6408 elementor-widget elementor-widget-heading\" data-id=\"442d6408\" data-element_type=\"widget\" data-widget_type=\"heading.default\">\n\t\t\t\t<div class=\"elementor-widget-container\">\n\t\t\t\t\t<h2 class=\"elementor-heading-title elementor-size-default\">Le livre<\/h2>\t\t\t\t<\/div>\n\t\t\t\t<\/div>\n\t\t\t\t<div class=\"elementor-element elementor-element-64c6019e elementor-widget elementor-widget-spacer\" data-id=\"64c6019e\" data-element_type=\"widget\" data-widget_type=\"spacer.default\">\n\t\t\t\t<div class=\"elementor-widget-container\">\n\t\t\t\t\t\t\t<div class=\"elementor-spacer\">\n\t\t\t<div class=\"elementor-spacer-inner\"><\/div>\n\t\t<\/div>\n\t\t\t\t\t\t<\/div>\n\t\t\t\t<\/div>\n\t\t\t\t<div class=\"elementor-element elementor-element-57ac9cdb elementor-widget elementor-widget-heading\" data-id=\"57ac9cdb\" data-element_type=\"widget\" data-widget_type=\"heading.default\">\n\t\t\t\t<div class=\"elementor-widget-container\">\n\t\t\t\t\t<h2 class=\"elementor-heading-title elementor-size-default\">\u00c0 propos<\/h2>\t\t\t\t<\/div>\n\t\t\t\t<\/div>\n\t\t\t\t<div class=\"elementor-element elementor-element-1a2caee9 elementor-widget elementor-widget-spacer\" data-id=\"1a2caee9\" data-element_type=\"widget\" data-widget_type=\"spacer.default\">\n\t\t\t\t<div class=\"elementor-widget-container\">\n\t\t\t\t\t\t\t<div class=\"elementor-spacer\">\n\t\t\t<div class=\"elementor-spacer-inner\"><\/div>\n\t\t<\/div>\n\t\t\t\t\t\t<\/div>\n\t\t\t\t<\/div>\n\t\t\t\t<div class=\"elementor-element elementor-element-e783c49 elementor-widget elementor-widget-heading\" data-id=\"e783c49\" data-element_type=\"widget\" data-widget_type=\"heading.default\">\n\t\t\t\t<div class=\"elementor-widget-container\">\n\t\t\t\t\t<h2 class=\"elementor-heading-title elementor-size-default\">Contact<\/h2>\t\t\t\t<\/div>\n\t\t\t\t<\/div>\n\t\t\t\t\t<\/div>\n\t\t\t\t<\/div>\n\t\t<div class=\"elementor-element elementor-element-132b8cf7 e-flex e-con-boxed e-con e-parent\" data-id=\"132b8cf7\" data-element_type=\"container\" data-settings=\"{&quot;background_background&quot;:&quot;classic&quot;}\">\n\t\t\t\t\t<div class=\"e-con-inner\">\n\t\t\t\t<div class=\"elementor-element elementor-element-722f6657 elementor-widget elementor-widget-image\" data-id=\"722f6657\" data-element_type=\"widget\" data-widget_type=\"image.default\">\n\t\t\t\t<div class=\"elementor-widget-container\">\n\t\t\t\t\t\t\t\t\t\t\t\t\t\t\t\t<a href=\"https:\/\/www.facebook.com\/by.editions\" target=\"_blank\">\n\t\t\t\t\t\t\t<img decoding=\"async\" src=\"https:\/\/autisme.by-editions.com\/wp-content\/uploads\/2025\/06\/Facebook-icon-white-PNG-large-size.png\" title=\"Facebook-icon-white-PNG-large-size\" alt=\"Facebook-icon-white-PNG-large-size\" loading=\"lazy\" \/>\t\t\t\t\t\t\t\t<\/a>\n\t\t\t\t\t\t\t\t\t\t\t\t\t\t\t<\/div>\n\t\t\t\t<\/div>\n\t\t\t\t<div class=\"elementor-element elementor-element-36ed219a elementor-widget elementor-widget-image\" data-id=\"36ed219a\" data-element_type=\"widget\" data-widget_type=\"image.default\">\n\t\t\t\t<div class=\"elementor-widget-container\">\n\t\t\t\t\t\t\t\t\t\t\t\t\t\t\t\t<a href=\"https:\/\/x.com\/by_editions\" target=\"_blank\">\n\t\t\t\t\t\t\t<img decoding=\"async\" src=\"https:\/\/autisme.by-editions.com\/wp-content\/uploads\/2025\/06\/x-social-media-white-icon.png\" title=\"x-social-media-white-icon\" alt=\"x-social-media-white-icon\" loading=\"lazy\" \/>\t\t\t\t\t\t\t\t<\/a>\n\t\t\t\t\t\t\t\t\t\t\t\t\t\t\t<\/div>\n\t\t\t\t<\/div>\n\t\t\t\t<div class=\"elementor-element elementor-element-52164f05 elementor-widget elementor-widget-image\" data-id=\"52164f05\" data-element_type=\"widget\" data-widget_type=\"image.default\">\n\t\t\t\t<div class=\"elementor-widget-container\">\n\t\t\t\t\t\t\t\t\t\t\t\t\t\t\t\t<a href=\"https:\/\/www.instagram.com\/by_editions\/\" target=\"_blank\">\n\t\t\t\t\t\t\t<img decoding=\"async\" src=\"https:\/\/autisme.by-editions.com\/wp-content\/uploads\/2025\/06\/instagram-white-icon.png\" title=\"instagram-white-icon\" alt=\"instagram-white-icon\" loading=\"lazy\" \/>\t\t\t\t\t\t\t\t<\/a>\n\t\t\t\t\t\t\t\t\t\t\t\t\t\t\t<\/div>\n\t\t\t\t<\/div>\n\t\t\t\t<div class=\"elementor-element elementor-element-244eaf51 elementor-widget elementor-widget-image\" data-id=\"244eaf51\" data-element_type=\"widget\" data-widget_type=\"image.default\">\n\t\t\t\t<div class=\"elementor-widget-container\">\n\t\t\t\t\t\t\t\t\t\t\t\t\t\t\t\t<a href=\"https:\/\/www.youtube.com\/@by_editions\" target=\"_blank\">\n\t\t\t\t\t\t\t<img decoding=\"async\" src=\"https:\/\/autisme.by-editions.com\/wp-content\/uploads\/2025\/06\/White-YouTube-Logo-Transparent.png\" title=\"White-YouTube-Logo-Transparent\" alt=\"White-YouTube-Logo-Transparent\" loading=\"lazy\" \/>\t\t\t\t\t\t\t\t<\/a>\n\t\t\t\t\t\t\t\t\t\t\t\t\t\t\t<\/div>\n\t\t\t\t<\/div>\n\t\t\t\t\t<\/div>\n\t\t\t\t<\/div>\n\t\t\t\t<\/div>\n\t\t","protected":false},"excerpt":{"rendered":"<p>Devenir ambassadeur Un livre. Une parole. Un mouvement humain. Et si vous participiez \u00e0 faire entendre une parole nouvelle ? Vous avez \u00e9t\u00e9 touch\u00e9(e) par le livre Silence autour du cri ?Ou vous partagez simplement la conviction qu\u2019il est temps de changer les regards sur l\u2019autisme ?Vous \u00eates lecteur, parent, enseignant, influenceur, professionnel, \u00e9tudiant, responsable [&hellip;]<\/p>\n","protected":false},"author":1,"featured_media":0,"parent":0,"menu_order":0,"comment_status":"closed","ping_status":"closed","template":"","meta":{"ocean_post_layout":"full-screen","ocean_both_sidebars_style":"","ocean_both_sidebars_content_width":0,"ocean_both_sidebars_sidebars_width":0,"ocean_sidebar":"","ocean_second_sidebar":"","ocean_disable_margins":"enable","ocean_add_body_class":"","ocean_shortcode_before_top_bar":"","ocean_shortcode_after_top_bar":"","ocean_shortcode_before_header":"","ocean_shortcode_after_header":"","ocean_has_shortcode":"","ocean_shortcode_after_title":"","ocean_shortcode_before_footer_widgets":"","ocean_shortcode_after_footer_widgets":"","ocean_shortcode_before_footer_bottom":"","ocean_shortcode_after_footer_bottom":"","ocean_display_top_bar":"off","ocean_display_header":"default","ocean_header_style":"","ocean_center_header_left_menu":"","ocean_custom_header_template":"","ocean_custom_logo":0,"ocean_custom_retina_logo":0,"ocean_custom_logo_max_width":0,"ocean_custom_logo_tablet_max_width":0,"ocean_custom_logo_mobile_max_width":0,"ocean_custom_logo_max_height":0,"ocean_custom_logo_tablet_max_height":0,"ocean_custom_logo_mobile_max_height":0,"ocean_header_custom_menu":"","ocean_menu_typo_font_family":"","ocean_menu_typo_font_subset":"","ocean_menu_typo_font_size":0,"ocean_menu_typo_font_size_tablet":0,"ocean_menu_typo_font_size_mobile":0,"ocean_menu_typo_font_size_unit":"px","ocean_menu_typo_font_weight":"","ocean_menu_typo_font_weight_tablet":"","ocean_menu_typo_font_weight_mobile":"","ocean_menu_typo_transform":"","ocean_menu_typo_transform_tablet":"","ocean_menu_typo_transform_mobile":"","ocean_menu_typo_line_height":0,"ocean_menu_typo_line_height_tablet":0,"ocean_menu_typo_line_height_mobile":0,"ocean_menu_typo_line_height_unit":"","ocean_menu_typo_spacing":0,"ocean_menu_typo_spacing_tablet":0,"ocean_menu_typo_spacing_mobile":0,"ocean_menu_typo_spacing_unit":"","ocean_menu_link_color":"","ocean_menu_link_color_hover":"","ocean_menu_link_color_active":"","ocean_menu_link_background":"","ocean_menu_link_hover_background":"","ocean_menu_link_active_background":"","ocean_menu_social_links_bg":"","ocean_menu_social_hover_links_bg":"","ocean_menu_social_links_color":"","ocean_menu_social_hover_links_color":"","ocean_disable_title":"on","ocean_disable_heading":"default","ocean_post_title":"","ocean_post_subheading":"","ocean_post_title_style":"","ocean_post_title_background_color":"","ocean_post_title_background":0,"ocean_post_title_bg_image_position":"","ocean_post_title_bg_image_attachment":"","ocean_post_title_bg_image_repeat":"","ocean_post_title_bg_image_size":"","ocean_post_title_height":0,"ocean_post_title_bg_overlay":0.5,"ocean_post_title_bg_overlay_color":"","ocean_disable_breadcrumbs":"default","ocean_breadcrumbs_color":"","ocean_breadcrumbs_separator_color":"","ocean_breadcrumbs_links_color":"","ocean_breadcrumbs_links_hover_color":"","ocean_display_footer_widgets":"default","ocean_display_footer_bottom":"default","ocean_custom_footer_template":"","footnotes":""},"class_list":["post-306","page","type-page","status-publish","hentry","entry"],"_links":{"self":[{"href":"https:\/\/autisme.by-editions.com\/index.php\/wp-json\/wp\/v2\/pages\/306","targetHints":{"allow":["GET"]}}],"collection":[{"href":"https:\/\/autisme.by-editions.com\/index.php\/wp-json\/wp\/v2\/pages"}],"about":[{"href":"https:\/\/autisme.by-editions.com\/index.php\/wp-json\/wp\/v2\/types\/page"}],"author":[{"embeddable":true,"href":"https:\/\/autisme.by-editions.com\/index.php\/wp-json\/wp\/v2\/users\/1"}],"replies":[{"embeddable":true,"href":"https:\/\/autisme.by-editions.com\/index.php\/wp-json\/wp\/v2\/comments?post=306"}],"version-history":[{"count":52,"href":"https:\/\/autisme.by-editions.com\/index.php\/wp-json\/wp\/v2\/pages\/306\/revisions"}],"predecessor-version":[{"id":553,"href":"https:\/\/autisme.by-editions.com\/index.php\/wp-json\/wp\/v2\/pages\/306\/revisions\/553"}],"wp:attachment":[{"href":"https:\/\/autisme.by-editions.com\/index.php\/wp-json\/wp\/v2\/media?parent=306"}],"curies":[{"name":"wp","href":"https:\/\/api.w.org\/{rel}","templated":true}]}}