{"id":504,"date":"2025-06-16T18:29:03","date_gmt":"2025-06-16T16:29:03","guid":{"rendered":"https:\/\/autisme.by-editions.com\/?page_id=504"},"modified":"2025-06-17T13:08:52","modified_gmt":"2025-06-17T11:08:52","slug":"pourquoi-ce-prix","status":"publish","type":"page","link":"https:\/\/autisme.by-editions.com\/index.php\/pourquoi-ce-prix\/","title":{"rendered":"Pourquoi ce prix ?"},"content":{"rendered":"\t\t<div data-elementor-type=\"wp-page\" data-elementor-id=\"504\" class=\"elementor elementor-504\">\n\t\t\t\t<div class=\"elementor-element elementor-element-3e37871 e-flex e-con-boxed e-con e-parent\" data-id=\"3e37871\" data-element_type=\"container\">\n\t\t\t\t\t<div class=\"e-con-inner\">\n\t\t\t\t<div class=\"elementor-element elementor-element-b5fe6ac elementor-widget elementor-widget-text-editor\" data-id=\"b5fe6ac\" data-element_type=\"widget\" data-widget_type=\"text-editor.default\">\n\t\t\t\t<div class=\"elementor-widget-container\">\n\t\t\t\t\t\t\t\t\t<h1>Pourquoi ce prix ?<\/h1><p>Ce livre n\u2019est pas un produit commercial.<\/p><p>C\u2019est un outil de transmission, un appel au dialogue, une main tendue \u00e0 toutes les personnes concern\u00e9es par l\u2019autisme : familles, professionnels, enseignants, institutions\u2026 et la soci\u00e9t\u00e9 tout enti\u00e8re.<\/p><p>Il fait pr\u00e8s de 400 pages, et chaque ligne est n\u00e9e d\u2019une exp\u00e9rience de terrain, d\u2019un engagement personnel, d\u2019un combat quotidien, avec un seul but : faire bouger les lignes, \u00e9veiller les consciences, proposer une autre vision de l\u2019autisme.<\/p><p>Le prix a \u00e9t\u00e9 fix\u00e9 :<\/p><ul><li>pour rendre le livre accessible \u00e0 un maximum de lecteurs,<\/li><li>pour assurer les frais d\u2019impression, de distribution et de diffusion (notamment via des plateformes vari\u00e9es),<\/li><li>et permettre \u00e0 l\u2019auteur de continuer \u00e0 produire et partager librement du contenu engag\u00e9, gratuit et utile.<\/li><\/ul><p>Il est identique sur toutes les plateformes (librairies, Amazon, IngramSpark\u2026) pour garantir l\u2019\u00e9quit\u00e9 d\u2019acc\u00e8s et la coh\u00e9rence avec les valeurs du projet : pas de hi\u00e9rarchie, pas d\u2019\u00e9cart, un m\u00eame bateau, une m\u00eame direction.<\/p><h3><strong>Merci de soutenir ce projet en conscience.<\/strong><\/h3><p>Chaque livre transmis est une voix en plus pour une soci\u00e9t\u00e9 plus humaine.<\/p>\t\t\t\t\t\t\t\t<\/div>\n\t\t\t\t<\/div>\n\t\t\t\t<div class=\"elementor-element elementor-element-4af9241 elementor-widget elementor-widget-image\" data-id=\"4af9241\" data-element_type=\"widget\" data-widget_type=\"image.default\">\n\t\t\t\t<div class=\"elementor-widget-container\">\n\t\t\t\t\t\t\t\t\t\t\t\t\t\t\t<img fetchpriority=\"high\" decoding=\"async\" width=\"768\" height=\"589\" src=\"https:\/\/autisme.by-editions.com\/wp-content\/uploads\/2025\/05\/1748185239-768x589.png\" class=\"attachment-medium_large size-medium_large wp-image-33\" alt=\"\" srcset=\"https:\/\/autisme.by-editions.com\/wp-content\/uploads\/2025\/05\/1748185239-768x589.png 768w, https:\/\/autisme.by-editions.com\/wp-content\/uploads\/2025\/05\/1748185239-300x230.png 300w, https:\/\/autisme.by-editions.com\/wp-content\/uploads\/2025\/05\/1748185239-1024x785.png 1024w, https:\/\/autisme.by-editions.com\/wp-content\/uploads\/2025\/05\/1748185239.png 1500w\" sizes=\"(max-width: 768px) 100vw, 768px\" \/>\t\t\t\t\t\t\t\t\t\t\t\t\t\t\t<\/div>\n\t\t\t\t<\/div>\n\t\t\t\t\t<\/div>\n\t\t\t\t<\/div>\n\t\t<div class=\"elementor-element elementor-element-5cea1288 e-flex e-con-boxed e-con e-parent\" data-id=\"5cea1288\" data-element_type=\"container\">\n\t\t\t\t\t<div class=\"e-con-inner\">\n\t\t<div class=\"elementor-element elementor-element-2139867c e-grid e-con-full e-con e-child\" data-id=\"2139867c\" data-element_type=\"container\">\n\t\t<div class=\"elementor-element elementor-element-4ddf54b e-con-full e-flex e-con e-child\" data-id=\"4ddf54b\" data-element_type=\"container\">\n\t\t\t\t<div class=\"elementor-element elementor-element-2dc5160 elementor-widget elementor-widget-heading\" data-id=\"2dc5160\" data-element_type=\"widget\" data-widget_type=\"heading.default\">\n\t\t\t\t<div class=\"elementor-widget-container\">\n\t\t\t\t\t<h2 class=\"elementor-heading-title elementor-size-default\">Livre papier<\/h2>\t\t\t\t<\/div>\n\t\t\t\t<\/div>\n\t\t\t\t<div class=\"elementor-element elementor-element-33ac8ff2 elementor-widget elementor-widget-image\" data-id=\"33ac8ff2\" data-element_type=\"widget\" data-widget_type=\"image.default\">\n\t\t\t\t<div class=\"elementor-widget-container\">\n\t\t\t\t\t\t\t\t\t\t\t\t\t\t\t<img decoding=\"async\" src=\"https:\/\/autisme.by-editions.com\/wp-content\/uploads\/2025\/05\/1748185239.png\" title=\"1748185239\" alt=\"1748185239\" loading=\"lazy\" \/>\t\t\t\t\t\t\t\t\t\t\t\t\t\t\t<\/div>\n\t\t\t\t<\/div>\n\t\t\t\t<div class=\"elementor-element elementor-element-65321101 elementor-widget elementor-widget-heading\" data-id=\"65321101\" data-element_type=\"widget\" data-widget_type=\"heading.default\">\n\t\t\t\t<div class=\"elementor-widget-container\">\n\t\t\t\t\t<h2 class=\"elementor-heading-title elementor-size-default\">20,90 \u20ac<\/h2>\t\t\t\t<\/div>\n\t\t\t\t<\/div>\n\t\t\t\t<div class=\"elementor-element elementor-element-1a03ab08 elementor-widget elementor-widget-text-editor\" data-id=\"1a03ab08\" data-element_type=\"widget\" data-widget_type=\"text-editor.default\">\n\t\t\t\t<div class=\"elementor-widget-container\">\n\t\t\t\t\t\t\t\t\t<p data-start=\"786\" data-end=\"811\">\u2713 Amazon \u2192 livraison rapide<\/p><p data-start=\"816\" data-end=\"857\">\u2713 Fnac, Decitre<\/p><p data-start=\"862\" data-end=\"894\">\u2713 Commandable en boutique physique<\/p>\t\t\t\t\t\t\t\t<\/div>\n\t\t\t\t<\/div>\n\t\t\t\t<div class=\"elementor-element elementor-element-6906f156 elementor-button-info elementor-widget elementor-widget-button\" data-id=\"6906f156\" data-element_type=\"widget\" data-widget_type=\"button.default\">\n\t\t\t\t<div class=\"elementor-widget-container\">\n\t\t\t\t\t\t\t\t\t<div class=\"elementor-button-wrapper\">\n\t\t\t\t\t<a class=\"elementor-button elementor-button-link elementor-size-sm\" href=\"#\">\n\t\t\t\t\t\t<span class=\"elementor-button-content-wrapper\">\n\t\t\t\t\t\t\t\t\t<span class=\"elementor-button-text\">Bient\u00f4t disponible<\/span>\n\t\t\t\t\t<\/span>\n\t\t\t\t\t<\/a>\n\t\t\t\t<\/div>\n\t\t\t\t\t\t\t\t<\/div>\n\t\t\t\t<\/div>\n\t\t\t\t<\/div>\n\t\t<div class=\"elementor-element elementor-element-1958131a e-con-full e-flex e-con e-child\" data-id=\"1958131a\" data-element_type=\"container\">\n\t\t\t\t<div class=\"elementor-element elementor-element-36c67c78 elementor-widget elementor-widget-heading\" data-id=\"36c67c78\" data-element_type=\"widget\" data-widget_type=\"heading.default\">\n\t\t\t\t<div class=\"elementor-widget-container\">\n\t\t\t\t\t<h2 class=\"elementor-heading-title elementor-size-default\">E-book<\/h2>\t\t\t\t<\/div>\n\t\t\t\t<\/div>\n\t\t\t\t<div class=\"elementor-element elementor-element-7dc279e6 elementor-widget elementor-widget-image\" data-id=\"7dc279e6\" data-element_type=\"widget\" data-widget_type=\"image.default\">\n\t\t\t\t<div class=\"elementor-widget-container\">\n\t\t\t\t\t\t\t\t\t\t\t\t\t\t\t<img decoding=\"async\" src=\"https:\/\/autisme.by-editions.com\/wp-content\/uploads\/2025\/06\/Autism-Cover1FRTablet-scaled.png\" title=\"Autism-Cover1FRTablet\" alt=\"Autism-Cover1FRTablet\" loading=\"lazy\" \/>\t\t\t\t\t\t\t\t\t\t\t\t\t\t\t<\/div>\n\t\t\t\t<\/div>\n\t\t\t\t<div class=\"elementor-element elementor-element-7c84ad70 elementor-widget elementor-widget-heading\" data-id=\"7c84ad70\" data-element_type=\"widget\" data-widget_type=\"heading.default\">\n\t\t\t\t<div class=\"elementor-widget-container\">\n\t\t\t\t\t<h2 class=\"elementor-heading-title elementor-size-default\">9,90 \u20ac<\/h2>\t\t\t\t<\/div>\n\t\t\t\t<\/div>\n\t\t\t\t<div class=\"elementor-element elementor-element-4a3299bf elementor-widget elementor-widget-text-editor\" data-id=\"4a3299bf\" data-element_type=\"widget\" data-widget_type=\"text-editor.default\">\n\t\t\t\t<div class=\"elementor-widget-container\">\n\t\t\t\t\t\t\t\t\t<p>\u2713 Amazon Kindle<\/p><p>\u2713 Apple Books<\/p><p>\u2713 Kobo (par Fnac)<\/p><p>\u2713 Google Play Livres<\/p>\t\t\t\t\t\t\t\t<\/div>\n\t\t\t\t<\/div>\n\t\t\t\t<div class=\"elementor-element elementor-element-253a8247 elementor-button-info elementor-widget elementor-widget-button\" data-id=\"253a8247\" data-element_type=\"widget\" data-widget_type=\"button.default\">\n\t\t\t\t<div class=\"elementor-widget-container\">\n\t\t\t\t\t\t\t\t\t<div class=\"elementor-button-wrapper\">\n\t\t\t\t\t<a class=\"elementor-button elementor-button-link elementor-size-sm\" href=\"#\">\n\t\t\t\t\t\t<span class=\"elementor-button-content-wrapper\">\n\t\t\t\t\t\t\t\t\t<span class=\"elementor-button-text\">Bient\u00f4t disponible<\/span>\n\t\t\t\t\t<\/span>\n\t\t\t\t\t<\/a>\n\t\t\t\t<\/div>\n\t\t\t\t\t\t\t\t<\/div>\n\t\t\t\t<\/div>\n\t\t\t\t<\/div>\n\t\t<div class=\"elementor-element elementor-element-8fc4040 e-con-full e-flex e-con e-child\" data-id=\"8fc4040\" data-element_type=\"container\">\n\t\t\t\t<div class=\"elementor-element elementor-element-5f7a117b elementor-widget elementor-widget-heading\" data-id=\"5f7a117b\" data-element_type=\"widget\" data-widget_type=\"heading.default\">\n\t\t\t\t<div class=\"elementor-widget-container\">\n\t\t\t\t\t<h2 class=\"elementor-heading-title elementor-size-default\">PDF t\u00e9l\u00e9chargeable<\/h2>\t\t\t\t<\/div>\n\t\t\t\t<\/div>\n\t\t\t\t<div class=\"elementor-element elementor-element-31439a35 elementor-widget elementor-widget-image\" data-id=\"31439a35\" data-element_type=\"widget\" data-widget_type=\"image.default\">\n\t\t\t\t<div class=\"elementor-widget-container\">\n\t\t\t\t\t\t\t\t\t\t\t\t\t\t\t<img decoding=\"async\" src=\"https:\/\/autisme.by-editions.com\/wp-content\/uploads\/2025\/06\/Autism-Cover1FRLaptop.png\" title=\"Autism-Cover1FRLaptop\" alt=\"Autism-Cover1FRLaptop\" loading=\"lazy\" \/>\t\t\t\t\t\t\t\t\t\t\t\t\t\t\t<\/div>\n\t\t\t\t<\/div>\n\t\t\t\t<div class=\"elementor-element elementor-element-acd93d4 elementor-widget elementor-widget-heading\" data-id=\"acd93d4\" data-element_type=\"widget\" data-widget_type=\"heading.default\">\n\t\t\t\t<div class=\"elementor-widget-container\">\n\t\t\t\t\t<h2 class=\"elementor-heading-title elementor-size-default\">9,90 \u20ac<\/h2>\t\t\t\t<\/div>\n\t\t\t\t<\/div>\n\t\t\t\t<div class=\"elementor-element elementor-element-1c3b0a72 elementor-widget elementor-widget-text-editor\" data-id=\"1c3b0a72\" data-element_type=\"widget\" data-widget_type=\"text-editor.default\">\n\t\t\t\t<div class=\"elementor-widget-container\">\n\t\t\t\t\t\t\t\t\t<p data-start=\"1351\" data-end=\"1376\">\u2713 T\u00e9l\u00e9chargement imm\u00e9diat<\/p><p data-start=\"1381\" data-end=\"1416\">\u2713 Lecture sur PC, impression facile<\/p><p data-start=\"1421\" data-end=\"1452\">\u2713 Valable avec code ambassadeur<\/p>\t\t\t\t\t\t\t\t<\/div>\n\t\t\t\t<\/div>\n\t\t\t\t<div class=\"elementor-element elementor-element-4766f93d elementor-widget elementor-widget-button\" data-id=\"4766f93d\" data-element_type=\"widget\" data-widget_type=\"button.default\">\n\t\t\t\t<div class=\"elementor-widget-container\">\n\t\t\t\t\t\t\t\t\t<div class=\"elementor-button-wrapper\">\n\t\t\t\t\t<a class=\"elementor-button elementor-button-link elementor-size-sm\" href=\"https:\/\/boutique.by-editions.com\/b\/hMTrO\" target=\"_blank\">\n\t\t\t\t\t\t<span class=\"elementor-button-content-wrapper\">\n\t\t\t\t\t\t\t\t\t<span class=\"elementor-button-text\">T\u00e9l\u00e9charger le PDF<\/span>\n\t\t\t\t\t<\/span>\n\t\t\t\t\t<\/a>\n\t\t\t\t<\/div>\n\t\t\t\t\t\t\t\t<\/div>\n\t\t\t\t<\/div>\n\t\t\t\t<\/div>\n\t\t\t\t<\/div>\n\t\t\t\t\t<\/div>\n\t\t\t\t<\/div>\n\t\t<div class=\"elementor-element elementor-element-35a3dde e-flex e-con-boxed e-con e-parent\" data-id=\"35a3dde\" data-element_type=\"container\" data-settings=\"{&quot;background_background&quot;:&quot;classic&quot;}\">\n\t\t\t\t\t<div class=\"e-con-inner\">\n\t\t\t\t<div class=\"elementor-element elementor-element-4310596f elementor-widget elementor-widget-heading\" data-id=\"4310596f\" data-element_type=\"widget\" data-widget_type=\"heading.default\">\n\t\t\t\t<div class=\"elementor-widget-container\">\n\t\t\t\t\t<h2 class=\"elementor-heading-title elementor-size-default\"><a href=\"https:\/\/autisme.by-editions.com\">Accueil<\/a><\/h2>\t\t\t\t<\/div>\n\t\t\t\t<\/div>\n\t\t\t\t<div class=\"elementor-element elementor-element-1df48677 elementor-widget elementor-widget-spacer\" data-id=\"1df48677\" data-element_type=\"widget\" data-widget_type=\"spacer.default\">\n\t\t\t\t<div class=\"elementor-widget-container\">\n\t\t\t\t\t\t\t<div class=\"elementor-spacer\">\n\t\t\t<div class=\"elementor-spacer-inner\"><\/div>\n\t\t<\/div>\n\t\t\t\t\t\t<\/div>\n\t\t\t\t<\/div>\n\t\t\t\t<div class=\"elementor-element elementor-element-590f91db elementor-widget elementor-widget-heading\" data-id=\"590f91db\" data-element_type=\"widget\" data-widget_type=\"heading.default\">\n\t\t\t\t<div class=\"elementor-widget-container\">\n\t\t\t\t\t<h2 class=\"elementor-heading-title elementor-size-default\">Le livre<\/h2>\t\t\t\t<\/div>\n\t\t\t\t<\/div>\n\t\t\t\t<div class=\"elementor-element elementor-element-4243ed4e elementor-widget elementor-widget-spacer\" data-id=\"4243ed4e\" data-element_type=\"widget\" data-widget_type=\"spacer.default\">\n\t\t\t\t<div class=\"elementor-widget-container\">\n\t\t\t\t\t\t\t<div class=\"elementor-spacer\">\n\t\t\t<div class=\"elementor-spacer-inner\"><\/div>\n\t\t<\/div>\n\t\t\t\t\t\t<\/div>\n\t\t\t\t<\/div>\n\t\t\t\t<div class=\"elementor-element elementor-element-7344ad4c elementor-widget elementor-widget-heading\" data-id=\"7344ad4c\" data-element_type=\"widget\" data-widget_type=\"heading.default\">\n\t\t\t\t<div class=\"elementor-widget-container\">\n\t\t\t\t\t<h2 class=\"elementor-heading-title elementor-size-default\">\u00c0 propos<\/h2>\t\t\t\t<\/div>\n\t\t\t\t<\/div>\n\t\t\t\t<div class=\"elementor-element elementor-element-6134f462 elementor-widget elementor-widget-spacer\" data-id=\"6134f462\" data-element_type=\"widget\" data-widget_type=\"spacer.default\">\n\t\t\t\t<div class=\"elementor-widget-container\">\n\t\t\t\t\t\t\t<div class=\"elementor-spacer\">\n\t\t\t<div class=\"elementor-spacer-inner\"><\/div>\n\t\t<\/div>\n\t\t\t\t\t\t<\/div>\n\t\t\t\t<\/div>\n\t\t\t\t<div class=\"elementor-element elementor-element-122a32ab elementor-widget elementor-widget-heading\" data-id=\"122a32ab\" data-element_type=\"widget\" data-widget_type=\"heading.default\">\n\t\t\t\t<div class=\"elementor-widget-container\">\n\t\t\t\t\t<h2 class=\"elementor-heading-title elementor-size-default\">Contact<\/h2>\t\t\t\t<\/div>\n\t\t\t\t<\/div>\n\t\t\t\t\t<\/div>\n\t\t\t\t<\/div>\n\t\t<div class=\"elementor-element elementor-element-4eec436b e-flex e-con-boxed e-con e-parent\" data-id=\"4eec436b\" data-element_type=\"container\" data-settings=\"{&quot;background_background&quot;:&quot;classic&quot;}\">\n\t\t\t\t\t<div class=\"e-con-inner\">\n\t\t\t\t<div class=\"elementor-element elementor-element-34e59563 elementor-widget elementor-widget-image\" data-id=\"34e59563\" data-element_type=\"widget\" data-widget_type=\"image.default\">\n\t\t\t\t<div class=\"elementor-widget-container\">\n\t\t\t\t\t\t\t\t\t\t\t\t\t\t\t\t<a href=\"https:\/\/www.facebook.com\/by.editions\" target=\"_blank\">\n\t\t\t\t\t\t\t<img decoding=\"async\" src=\"https:\/\/autisme.by-editions.com\/wp-content\/uploads\/2025\/06\/Facebook-icon-white-PNG-large-size.png\" title=\"Facebook-icon-white-PNG-large-size\" alt=\"Facebook-icon-white-PNG-large-size\" loading=\"lazy\" \/>\t\t\t\t\t\t\t\t<\/a>\n\t\t\t\t\t\t\t\t\t\t\t\t\t\t\t<\/div>\n\t\t\t\t<\/div>\n\t\t\t\t<div class=\"elementor-element elementor-element-75d10787 elementor-widget elementor-widget-image\" data-id=\"75d10787\" data-element_type=\"widget\" data-widget_type=\"image.default\">\n\t\t\t\t<div class=\"elementor-widget-container\">\n\t\t\t\t\t\t\t\t\t\t\t\t\t\t\t\t<a href=\"https:\/\/x.com\/by_editions\" target=\"_blank\">\n\t\t\t\t\t\t\t<img decoding=\"async\" src=\"https:\/\/autisme.by-editions.com\/wp-content\/uploads\/2025\/06\/x-social-media-white-icon.png\" title=\"x-social-media-white-icon\" alt=\"x-social-media-white-icon\" loading=\"lazy\" \/>\t\t\t\t\t\t\t\t<\/a>\n\t\t\t\t\t\t\t\t\t\t\t\t\t\t\t<\/div>\n\t\t\t\t<\/div>\n\t\t\t\t<div class=\"elementor-element elementor-element-229db6b1 elementor-widget elementor-widget-image\" data-id=\"229db6b1\" data-element_type=\"widget\" data-widget_type=\"image.default\">\n\t\t\t\t<div class=\"elementor-widget-container\">\n\t\t\t\t\t\t\t\t\t\t\t\t\t\t\t\t<a href=\"https:\/\/www.instagram.com\/by_editions\/\" target=\"_blank\">\n\t\t\t\t\t\t\t<img decoding=\"async\" src=\"https:\/\/autisme.by-editions.com\/wp-content\/uploads\/2025\/06\/instagram-white-icon.png\" title=\"instagram-white-icon\" alt=\"instagram-white-icon\" loading=\"lazy\" \/>\t\t\t\t\t\t\t\t<\/a>\n\t\t\t\t\t\t\t\t\t\t\t\t\t\t\t<\/div>\n\t\t\t\t<\/div>\n\t\t\t\t<div class=\"elementor-element elementor-element-142ea4e2 elementor-widget elementor-widget-image\" data-id=\"142ea4e2\" data-element_type=\"widget\" data-widget_type=\"image.default\">\n\t\t\t\t<div class=\"elementor-widget-container\">\n\t\t\t\t\t\t\t\t\t\t\t\t\t\t\t\t<a href=\"https:\/\/www.youtube.com\/@by_editions\" target=\"_blank\">\n\t\t\t\t\t\t\t<img decoding=\"async\" src=\"https:\/\/autisme.by-editions.com\/wp-content\/uploads\/2025\/06\/White-YouTube-Logo-Transparent.png\" title=\"White-YouTube-Logo-Transparent\" alt=\"White-YouTube-Logo-Transparent\" loading=\"lazy\" \/>\t\t\t\t\t\t\t\t<\/a>\n\t\t\t\t\t\t\t\t\t\t\t\t\t\t\t<\/div>\n\t\t\t\t<\/div>\n\t\t\t\t\t<\/div>\n\t\t\t\t<\/div>\n\t\t\t\t<\/div>\n\t\t","protected":false},"excerpt":{"rendered":"<p>Pourquoi ce prix ? Ce livre n\u2019est pas un produit commercial. C\u2019est un outil de transmission, un appel au dialogue, une main tendue \u00e0 toutes les personnes concern\u00e9es par l\u2019autisme : familles, professionnels, enseignants, institutions\u2026 et la soci\u00e9t\u00e9 tout enti\u00e8re. Il fait pr\u00e8s de 400 pages, et chaque ligne est n\u00e9e d\u2019une exp\u00e9rience de terrain, [&hellip;]<\/p>\n","protected":false},"author":1,"featured_media":0,"parent":0,"menu_order":0,"comment_status":"closed","ping_status":"closed","template":"","meta":{"ocean_post_layout":"full-screen","ocean_both_sidebars_style":"","ocean_both_sidebars_content_width":0,"ocean_both_sidebars_sidebars_width":0,"ocean_sidebar":"","ocean_second_sidebar":"","ocean_disable_margins":"enable","ocean_add_body_class":"","ocean_shortcode_before_top_bar":"","ocean_shortcode_after_top_bar":"","ocean_shortcode_before_header":"","ocean_shortcode_after_header":"","ocean_has_shortcode":"","ocean_shortcode_after_title":"","ocean_shortcode_before_footer_widgets":"","ocean_shortcode_after_footer_widgets":"","ocean_shortcode_before_footer_bottom":"","ocean_shortcode_after_footer_bottom":"","ocean_display_top_bar":"off","ocean_display_header":"default","ocean_header_style":"","ocean_center_header_left_menu":"","ocean_custom_header_template":"","ocean_custom_logo":0,"ocean_custom_retina_logo":0,"ocean_custom_logo_max_width":0,"ocean_custom_logo_tablet_max_width":0,"ocean_custom_logo_mobile_max_width":0,"ocean_custom_logo_max_height":0,"ocean_custom_logo_tablet_max_height":0,"ocean_custom_logo_mobile_max_height":0,"ocean_header_custom_menu":"","ocean_menu_typo_font_family":"","ocean_menu_typo_font_subset":"","ocean_menu_typo_font_size":0,"ocean_menu_typo_font_size_tablet":0,"ocean_menu_typo_font_size_mobile":0,"ocean_menu_typo_font_size_unit":"px","ocean_menu_typo_font_weight":"","ocean_menu_typo_font_weight_tablet":"","ocean_menu_typo_font_weight_mobile":"","ocean_menu_typo_transform":"","ocean_menu_typo_transform_tablet":"","ocean_menu_typo_transform_mobile":"","ocean_menu_typo_line_height":0,"ocean_menu_typo_line_height_tablet":0,"ocean_menu_typo_line_height_mobile":0,"ocean_menu_typo_line_height_unit":"","ocean_menu_typo_spacing":0,"ocean_menu_typo_spacing_tablet":0,"ocean_menu_typo_spacing_mobile":0,"ocean_menu_typo_spacing_unit":"","ocean_menu_link_color":"","ocean_menu_link_color_hover":"","ocean_menu_link_color_active":"","ocean_menu_link_background":"","ocean_menu_link_hover_background":"","ocean_menu_link_active_background":"","ocean_menu_social_links_bg":"","ocean_menu_social_hover_links_bg":"","ocean_menu_social_links_color":"","ocean_menu_social_hover_links_color":"","ocean_disable_title":"on","ocean_disable_heading":"default","ocean_post_title":"","ocean_post_subheading":"","ocean_post_title_style":"","ocean_post_title_background_color":"","ocean_post_title_background":0,"ocean_post_title_bg_image_position":"","ocean_post_title_bg_image_attachment":"","ocean_post_title_bg_image_repeat":"","ocean_post_title_bg_image_size":"","ocean_post_title_height":0,"ocean_post_title_bg_overlay":0.5,"ocean_post_title_bg_overlay_color":"","ocean_disable_breadcrumbs":"default","ocean_breadcrumbs_color":"","ocean_breadcrumbs_separator_color":"","ocean_breadcrumbs_links_color":"","ocean_breadcrumbs_links_hover_color":"","ocean_display_footer_widgets":"default","ocean_display_footer_bottom":"default","ocean_custom_footer_template":"","footnotes":""},"class_list":["post-504","page","type-page","status-publish","hentry","entry"],"_links":{"self":[{"href":"https:\/\/autisme.by-editions.com\/index.php\/wp-json\/wp\/v2\/pages\/504","targetHints":{"allow":["GET"]}}],"collection":[{"href":"https:\/\/autisme.by-editions.com\/index.php\/wp-json\/wp\/v2\/pages"}],"about":[{"href":"https:\/\/autisme.by-editions.com\/index.php\/wp-json\/wp\/v2\/types\/page"}],"author":[{"embeddable":true,"href":"https:\/\/autisme.by-editions.com\/index.php\/wp-json\/wp\/v2\/users\/1"}],"replies":[{"embeddable":true,"href":"https:\/\/autisme.by-editions.com\/index.php\/wp-json\/wp\/v2\/comments?post=504"}],"version-history":[{"count":19,"href":"https:\/\/autisme.by-editions.com\/index.php\/wp-json\/wp\/v2\/pages\/504\/revisions"}],"predecessor-version":[{"id":541,"href":"https:\/\/autisme.by-editions.com\/index.php\/wp-json\/wp\/v2\/pages\/504\/revisions\/541"}],"wp:attachment":[{"href":"https:\/\/autisme.by-editions.com\/index.php\/wp-json\/wp\/v2\/media?parent=504"}],"curies":[{"name":"wp","href":"https:\/\/api.w.org\/{rel}","templated":true}]}}